{"id":5913,"date":"2025-07-23T08:59:37","date_gmt":"2025-07-23T08:59:37","guid":{"rendered":"https:\/\/iseitiestaskas.lt\/?page_id=5913"},"modified":"2025-09-24T13:16:42","modified_gmt":"2025-09-24T13:16:42","slug":"objectravelling-2","status":"publish","type":"page","link":"https:\/\/iseitiestaskas.lt\/en\/objectravelling-2\/","title":{"rendered":"OBJECTRAVELLING"},"content":{"rendered":"<p>Spalio 05 d. (sekmadienis)<br>14:00 I 16:00 I Trukm\u0117: 45 min.<br><strong>Mara Ingea (\u010cekija)<br><\/strong>Kaunas City Chamber Theatre, Small Hall<br>Bilieto kaina: 9,60\u201312 Eur<br><mark style=\"background-color:#f78da7\" class=\"has-inline-color has-black-color\"><a href=\"https:\/\/bilietai.kamerinisteatras.lt\/kasa\/vieta\/9f5d8c98-99a3-41d1-a465-e1971c1dd7d4\" target=\"_blank\" rel=\"noopener\" title=\"\">Bilietai \u012f 14 val.<\/a>&nbsp;ir<a href=\"https:\/\/bilietai.kamerinisteatras.lt\/kasa\/vieta\/9f5d8cb0-ade9-4845-9f59-311101c55a90\" target=\"_blank\" rel=\"noopener\" title=\"\">&nbsp;16 val. pasirodymus<\/a><\/mark><\/p>\n\n\n\n<p>Tarpdisciplinin\u0117 meninink\u0117 Mara Ingea pristato \u012ftraukiant\u012f pasirodym\u0105 \u201eObjectravelling\u201c, kuriame \u017ei\u016brovai tampa bendro proceso-\u017eaidimo dalimi. \u010cia objekt\u0173 manipuliacijos ir \u017eaismingos interpretacijos atveria nematomus ry\u0161ius tarp med\u017eiag\u0173, erdvi\u0173 ir vaizduot\u0117s. Tai \u2013 kolektyvin\u0117 patirtis, kurioje smalsumas virsta bendru atradimu.<\/p>\n\n\n\n<p>Autor\u0117 Mara Ingea yra tarpdisciplinin\u0117 meninink\u0117, kurios k\u016bryba balansuoja tarp instaliacijos, objekt\u0173 dizaino ir performanso. Jos darbuose susipina politinis ir poetinis, aplinkosauginis ir eksperimentinis, socialinis ir erdvinis aspektai. \u0160iuo metu ji gyvena Libane ir Prahoje, kur dirba su tarptautin\u0117mis meninink\u0173 komandomis kaip re\u017eisier\u0117, atlik\u0117ja, scenograf\u0117 ir kostium\u0173 dailinink\u0117.<br><br><strong>Id\u0117ja, atlikimas, dizainas:<\/strong> Mara Ingea<br><strong>Supported by:<\/strong> \u201eStudio Alta\u201c and \u201eCross Attic\u201c<br><strong>Spektaklis pristatomas \u201eEchoes of Mal\u00e1 inventura\u201c, remiant \u201eNov\u00e1 s\u00ed\u0165 z.s.\u201c.<\/strong><\/p>\n\n\n\n<figure class=\"wp-block-gallery has-nested-images columns-default is-cropped wp-block-gallery-1 is-layout-flex wp-block-gallery-is-layout-flex\">\n<figure class=\"wp-block-image size-large\"><img loading=\"lazy\" decoding=\"async\" width=\"1024\" height=\"575\" data-id=\"5839\" src=\"https:\/\/iseitiestaskas.lt\/wp-content\/uploads\/2025\/07\/Objectravelling_06-1024x575.png\" alt=\"\" class=\"wp-image-5839\" srcset=\"https:\/\/iseitiestaskas.lt\/wp-content\/uploads\/2025\/07\/Objectravelling_06-1024x575.png 1024w, https:\/\/iseitiestaskas.lt\/wp-content\/uploads\/2025\/07\/Objectravelling_06-300x169.png 300w, https:\/\/iseitiestaskas.lt\/wp-content\/uploads\/2025\/07\/Objectravelling_06-768x432.png 768w, https:\/\/iseitiestaskas.lt\/wp-content\/uploads\/2025\/07\/Objectravelling_06-1536x863.png 1536w, https:\/\/iseitiestaskas.lt\/wp-content\/uploads\/2025\/07\/Objectravelling_06-2048x1151.png 2048w, https:\/\/iseitiestaskas.lt\/wp-content\/uploads\/2025\/07\/Objectravelling_06-18x10.png 18w, https:\/\/iseitiestaskas.lt\/wp-content\/uploads\/2025\/07\/Objectravelling_06-150x85.png 150w, https:\/\/iseitiestaskas.lt\/wp-content\/uploads\/2025\/07\/Objectravelling_06-1920x1080.png 1920w, https:\/\/iseitiestaskas.lt\/wp-content\/uploads\/2025\/07\/Objectravelling_06-600x337.png 600w\" sizes=\"(max-width: 1024px) 100vw, 1024px\" \/><\/figure>\n<\/figure>\n\n\n\n<figure class=\"wp-block-gallery has-nested-images columns-default is-cropped wp-block-gallery-2 is-layout-flex wp-block-gallery-is-layout-flex\">\n<figure class=\"wp-block-image size-large\"><img loading=\"lazy\" decoding=\"async\" width=\"1024\" height=\"576\" data-id=\"5840\" src=\"https:\/\/iseitiestaskas.lt\/wp-content\/uploads\/2025\/07\/Objectravelling_02-1-1024x576.jpg\" alt=\"\" class=\"wp-image-5840\" srcset=\"https:\/\/iseitiestaskas.lt\/wp-content\/uploads\/2025\/07\/Objectravelling_02-1-1024x576.jpg 1024w, https:\/\/iseitiestaskas.lt\/wp-content\/uploads\/2025\/07\/Objectravelling_02-1-300x169.jpg 300w, https:\/\/iseitiestaskas.lt\/wp-content\/uploads\/2025\/07\/Objectravelling_02-1-768x432.jpg 768w, https:\/\/iseitiestaskas.lt\/wp-content\/uploads\/2025\/07\/Objectravelling_02-1-1536x864.jpg 1536w, https:\/\/iseitiestaskas.lt\/wp-content\/uploads\/2025\/07\/Objectravelling_02-1-2048x1153.jpg 2048w, https:\/\/iseitiestaskas.lt\/wp-content\/uploads\/2025\/07\/Objectravelling_02-1-18x10.jpg 18w, https:\/\/iseitiestaskas.lt\/wp-content\/uploads\/2025\/07\/Objectravelling_02-1-150x85.jpg 150w, https:\/\/iseitiestaskas.lt\/wp-content\/uploads\/2025\/07\/Objectravelling_02-1-1920x1080.jpg 1920w, https:\/\/iseitiestaskas.lt\/wp-content\/uploads\/2025\/07\/Objectravelling_02-1-600x338.jpg 600w\" sizes=\"(max-width: 1024px) 100vw, 1024px\" \/><\/figure>\n\n\n\n<figure class=\"wp-block-image size-large\"><img loading=\"lazy\" decoding=\"async\" width=\"1024\" height=\"576\" data-id=\"5841\" src=\"https:\/\/iseitiestaskas.lt\/wp-content\/uploads\/2025\/07\/Objectravelling_01-1-1024x576.jpg\" alt=\"\" class=\"wp-image-5841\" srcset=\"https:\/\/iseitiestaskas.lt\/wp-content\/uploads\/2025\/07\/Objectravelling_01-1-1024x576.jpg 1024w, https:\/\/iseitiestaskas.lt\/wp-content\/uploads\/2025\/07\/Objectravelling_01-1-300x169.jpg 300w, https:\/\/iseitiestaskas.lt\/wp-content\/uploads\/2025\/07\/Objectravelling_01-1-768x432.jpg 768w, https:\/\/iseitiestaskas.lt\/wp-content\/uploads\/2025\/07\/Objectravelling_01-1-1536x864.jpg 1536w, https:\/\/iseitiestaskas.lt\/wp-content\/uploads\/2025\/07\/Objectravelling_01-1-2048x1153.jpg 2048w, https:\/\/iseitiestaskas.lt\/wp-content\/uploads\/2025\/07\/Objectravelling_01-1-18x10.jpg 18w, https:\/\/iseitiestaskas.lt\/wp-content\/uploads\/2025\/07\/Objectravelling_01-1-150x85.jpg 150w, https:\/\/iseitiestaskas.lt\/wp-content\/uploads\/2025\/07\/Objectravelling_01-1-1920x1080.jpg 1920w, https:\/\/iseitiestaskas.lt\/wp-content\/uploads\/2025\/07\/Objectravelling_01-1-600x338.jpg 600w\" sizes=\"(max-width: 1024px) 100vw, 1024px\" \/><\/figure>\n<\/figure>","protected":false},"excerpt":{"rendered":"<p>Spalio 05 d. (sekmadienis)14:00 I 16:00 I Trukm\u0117: 45 min.Mara Ingea (\u010cekija)Kauno miesto kamerinis teatras, Ma\u017eoji sal\u0117Bilieto kaina: 9,60\u201312 EurBilietai \u012f 14 val.&nbsp;ir&nbsp;16 val. pasirodymus Tarpdisciplinin\u0117 meninink\u0117 Mara Ingea pristato \u012ftraukiant\u012f pasirodym\u0105 \u201eObjectravelling\u201c, kuriame \u017ei\u016brovai tampa bendro proceso-\u017eaidimo dalimi. \u010cia objekt\u0173 manipuliacijos ir \u017eaismingos interpretacijos atveria nematomus ry\u0161ius tarp med\u017eiag\u0173, erdvi\u0173 ir vaizduot\u0117s. Tai \u2013 [&hellip;]<\/p>","protected":false},"author":1,"featured_media":0,"parent":0,"menu_order":0,"comment_status":"closed","ping_status":"closed","template":"","meta":{"om_disable_all_campaigns":false,"_monsterinsights_skip_tracking":false,"_monsterinsights_sitenote_active":false,"_monsterinsights_sitenote_note":"","_monsterinsights_sitenote_category":0,"footnotes":""},"aioseo_notices":[],"_links":{"self":[{"href":"https:\/\/iseitiestaskas.lt\/en\/wp-json\/wp\/v2\/pages\/5913"}],"collection":[{"href":"https:\/\/iseitiestaskas.lt\/en\/wp-json\/wp\/v2\/pages"}],"about":[{"href":"https:\/\/iseitiestaskas.lt\/en\/wp-json\/wp\/v2\/types\/page"}],"author":[{"embeddable":true,"href":"https:\/\/iseitiestaskas.lt\/en\/wp-json\/wp\/v2\/users\/1"}],"replies":[{"embeddable":true,"href":"https:\/\/iseitiestaskas.lt\/en\/wp-json\/wp\/v2\/comments?post=5913"}],"version-history":[{"count":4,"href":"https:\/\/iseitiestaskas.lt\/en\/wp-json\/wp\/v2\/pages\/5913\/revisions"}],"predecessor-version":[{"id":6720,"href":"https:\/\/iseitiestaskas.lt\/en\/wp-json\/wp\/v2\/pages\/5913\/revisions\/6720"}],"wp:attachment":[{"href":"https:\/\/iseitiestaskas.lt\/en\/wp-json\/wp\/v2\/media?parent=5913"}],"curies":[{"name":"wp","href":"https:\/\/api.w.org\/{rel}","templated":true}]}}