{"id":5918,"date":"2025-07-23T09:19:24","date_gmt":"2025-07-23T09:19:24","guid":{"rendered":"https:\/\/iseitiestaskas.lt\/?page_id=5918"},"modified":"2025-08-12T09:01:46","modified_gmt":"2025-08-12T09:01:46","slug":"broken-heart-story","status":"publish","type":"page","link":"https:\/\/iseitiestaskas.lt\/en\/broken-heart-story\/","title":{"rendered":"BROKEN HEART STORY"},"content":{"rendered":"<div data-elementor-type=\"wp-page\" data-elementor-id=\"5918\" class=\"elementor elementor-5918\" data-elementor-settings=\"[]\">\n\t\t\t\t\t\t\t<div class=\"elementor-section-wrap\">\n\t\t\t\t\t\t\t<section class=\"elementor-section elementor-top-section elementor-element elementor-element-00a3584 elementor-section-boxed elementor-section-height-default elementor-section-height-default\" data-id=\"00a3584\" data-element_type=\"section\">\n\t\t\t\t\t\t<div class=\"elementor-container elementor-column-gap-default\">\n\t\t\t\t\t<div class=\"elementor-column elementor-col-100 elementor-top-column elementor-element elementor-element-605b187\" data-id=\"605b187\" data-element_type=\"column\">\n\t\t\t<div class=\"elementor-widget-wrap elementor-element-populated\">\n\t\t\t\t\t\t\t\t<div class=\"elementor-element elementor-element-65d6da0 elementor-widget elementor-widget-heading\" data-id=\"65d6da0\" data-element_type=\"widget\" data-widget_type=\"heading.default\">\n\t\t\t\t<div class=\"elementor-widget-container\">\n\t\t\t<h2 class=\"elementor-heading-title elementor-size-default\">BROKEN HEART STORY<\/h2>\t\t<\/div>\n\t\t\t\t<\/div>\n\t\t\t\t\t<\/div>\n\t\t<\/div>\n\t\t\t\t\t\t\t<\/div>\n\t\t<\/section>\n\t\t\t\t<section class=\"elementor-section elementor-top-section elementor-element elementor-element-283d817 elementor-section-boxed elementor-section-height-default elementor-section-height-default\" data-id=\"283d817\" data-element_type=\"section\">\n\t\t\t\t\t\t<div class=\"elementor-container elementor-column-gap-default\">\n\t\t\t\t\t<div class=\"elementor-column elementor-col-50 elementor-top-column elementor-element elementor-element-729a01b\" data-id=\"729a01b\" data-element_type=\"column\">\n\t\t\t<div class=\"elementor-widget-wrap elementor-element-populated\">\n\t\t\t\t\t\t\t\t<div class=\"elementor-element elementor-element-49850626 elementor-widget elementor-widget-text-editor\" data-id=\"49850626\" data-element_type=\"widget\" data-widget_type=\"text-editor.default\">\n\t\t\t\t<div class=\"elementor-widget-container\">\n\t\t\t\t\t\t\t\t<!-- wp:paragraph -->\n<h5><strong>Spalio 4 d. 18:00 (\u0161e\u0161tadienis)<\/strong><br \/><strong>Duration: 1 hour 1 hour 10 min.<\/strong><br \/><strong><strong>LMTA I Rasa Kurlinkut\u0117 I N-7 <\/strong><\/strong><br \/>Kaunas City Chamber Theatre, Great Hall<\/h5>\n<p><a title=\"\" href=\"https:\/\/bilietai.kamerinisteatras.lt\/kasa\/seansas\/9f5d8e24-12c3-4388-ac07-ca5ef97b8147\" target=\"_blank\" rel=\"noopener\"><mark class=\"has-inline-color\" style=\"background-color: #f78da7;\">Bilieto kaina: pasirinktinai 1, 5 arba 10 Eur<\/mark><\/a><\/p>\n<!-- \/wp:paragraph --><!-- wp:paragraph -->\n<p><em>Ar mano siela tikrai tu\u0161\u010dia?<\/em><br \/><em>Kod\u0117l ji verkia?<\/em><br \/><em>Jei b\u016bsiu rimta moteris ir d\u0117v\u0117siu \u016bsus, man seksis geriau?<\/em><br \/><em>Ar a\u0161 tiesiog mirsiu vieni\u0161a, o mirusi\u0105 mane su\u0117s kat\u0117s?<\/em><br \/><em>Ar mane i\u0161gelb\u0117s vyras ant balto \u017eirgo?<\/em><br \/><em>Ar tikros feminist\u0117s i\u0161vis gali tur\u0117ti vyrus?<\/em><\/p>\n<!-- \/wp:paragraph --><!-- wp:paragraph -->\n<p>\u201eBroken Heart Story\u201c yra tiesiog istorija apie Ra\u0161ytoj\u0105 ir Siel\u0105. Ir dar apie vis\u0105 likus\u012f pasaul\u012f: skaudulius, problemas, vyrus, t\u0117vus, \u017eiurkes, \u0161ird\u012f, dainas, reklamas, kapitalizm\u0105, susitarimus, i\u0161siskyrimus, pel\u0117s\u012f, men\u0105, \u016bsuotas moteris, ke\u010diup\u0105, katinus, tu\u0161tyb\u0119, mirt\u012f, meil\u0119, save ir kitus. Ne daugiau, ne ma\u017eiau. Tiesiog tiek.<\/p>\n<!-- \/wp:paragraph --><!-- wp:paragraph -->\n<p><strong>Re\u017eis\u016bra:<\/strong> Rasa Kurlinkut\u0117<br \/><strong>Scenografija:<\/strong> Haroldas Kulie\u0161ius<br \/><strong>Kostiumai:<\/strong> Ieva Vai\u010diulyt\u0117<br \/><strong>Muzika:<\/strong> Adomas Zub\u0117<br \/><strong>\u0160vies\u0173 dail\u0117:<\/strong> Gabriel\u0117 Tumait\u0117<br \/><strong>Grimas:<\/strong> Vaiva Paulauskait\u0117, Ieva Vai\u010diulyt\u0117<br \/><strong>Vaidina:<\/strong> Ieva Gribauskait\u0117, Laura Marija Rinkevi\u010di\u016bt\u0117, Eimantas Seselskis, Mila Ivanova, Elina Kuprija\u0161kinait\u0117, Ainis Kazlauskas<\/p>\n<!-- \/wp:gallery -->\t\t\t\t\t\t<\/div>\n\t\t\t\t<\/div>\n\t\t\t\t<div class=\"elementor-element elementor-element-5657072 elementor-widget elementor-widget-jet-popup-action-button\" data-id=\"5657072\" data-element_type=\"widget\" data-widget_type=\"jet-popup-action-button.default\">\n\t\t\t\t<div class=\"elementor-widget-container\">\n\t\t\t\t\t<div class=\"jet-popup-action-button\">\n\t\t\t<a class=\"jet-popup-action-button__instance jet-popup-action-button--icon-after\" data-settings=\"{&quot;action-type&quot;:&quot;link&quot;}\" href=\"https:\/\/bilietai.kamerinisteatras.lt\/kasa\/seansas\/9f5d8d67-a807-488d-81d2-c104ef74f577\"><i class=\"jet-popup-action-button__icon fa fa-ticket\"><\/i><span class=\"jet-popup-action-button__text\">Tickets<\/span>\t\t\t<\/a>\n\t\t<\/div>\t\t<\/div>\n\t\t\t\t<\/div>\n\t\t\t\t\t<\/div>\n\t\t<\/div>\n\t\t\t\t<div class=\"elementor-column elementor-col-50 elementor-top-column elementor-element elementor-element-4a53a17\" data-id=\"4a53a17\" data-element_type=\"column\">\n\t\t\t<div class=\"elementor-widget-wrap elementor-element-populated\">\n\t\t\t\t\t\t\t\t<div class=\"elementor-element elementor-element-c6fb623 elementor-widget elementor-widget-image\" data-id=\"c6fb623\" data-element_type=\"widget\" data-widget_type=\"image.default\">\n\t\t\t\t<div class=\"elementor-widget-container\">\n\t\t\t\t\t\t\t\t\t\t\t\t\t\t\t<img loading=\"lazy\" decoding=\"async\" width=\"1024\" height=\"683\" src=\"https:\/\/iseitiestaskas.lt\/wp-content\/uploads\/2025\/07\/AND04725-1024x683.jpg\" class=\"attachment-large size-large\" alt=\"\" srcset=\"https:\/\/iseitiestaskas.lt\/wp-content\/uploads\/2025\/07\/AND04725-1024x683.jpg 1024w, https:\/\/iseitiestaskas.lt\/wp-content\/uploads\/2025\/07\/AND04725-300x200.jpg 300w, https:\/\/iseitiestaskas.lt\/wp-content\/uploads\/2025\/07\/AND04725-768x512.jpg 768w, https:\/\/iseitiestaskas.lt\/wp-content\/uploads\/2025\/07\/AND04725-391x260.jpg 391w, https:\/\/iseitiestaskas.lt\/wp-content\/uploads\/2025\/07\/AND04725-1536x1024.jpg 1536w, https:\/\/iseitiestaskas.lt\/wp-content\/uploads\/2025\/07\/AND04725-2048x1365.jpg 2048w, https:\/\/iseitiestaskas.lt\/wp-content\/uploads\/2025\/07\/AND04725-18x12.jpg 18w, https:\/\/iseitiestaskas.lt\/wp-content\/uploads\/2025\/07\/AND04725-600x400.jpg 600w\" sizes=\"(max-width: 1024px) 100vw, 1024px\" \/>\t\t\t\t\t\t\t\t\t\t\t\t\t\t\t<\/div>\n\t\t\t\t<\/div>\n\t\t\t\t<div class=\"elementor-element elementor-element-7afce7f elementor-widget elementor-widget-image\" data-id=\"7afce7f\" data-element_type=\"widget\" data-widget_type=\"image.default\">\n\t\t\t\t<div class=\"elementor-widget-container\">\n\t\t\t\t\t\t\t\t\t\t\t\t\t\t\t<img loading=\"lazy\" decoding=\"async\" width=\"1024\" height=\"683\" src=\"https:\/\/iseitiestaskas.lt\/wp-content\/uploads\/2025\/07\/AND04986-1024x683.jpg\" class=\"attachment-large size-large\" alt=\"\" srcset=\"https:\/\/iseitiestaskas.lt\/wp-content\/uploads\/2025\/07\/AND04986-1024x683.jpg 1024w, https:\/\/iseitiestaskas.lt\/wp-content\/uploads\/2025\/07\/AND04986-300x200.jpg 300w, https:\/\/iseitiestaskas.lt\/wp-content\/uploads\/2025\/07\/AND04986-768x512.jpg 768w, https:\/\/iseitiestaskas.lt\/wp-content\/uploads\/2025\/07\/AND04986-391x260.jpg 391w, https:\/\/iseitiestaskas.lt\/wp-content\/uploads\/2025\/07\/AND04986-1536x1024.jpg 1536w, https:\/\/iseitiestaskas.lt\/wp-content\/uploads\/2025\/07\/AND04986-2048x1365.jpg 2048w, https:\/\/iseitiestaskas.lt\/wp-content\/uploads\/2025\/07\/AND04986-18x12.jpg 18w, https:\/\/iseitiestaskas.lt\/wp-content\/uploads\/2025\/07\/AND04986-600x400.jpg 600w\" sizes=\"(max-width: 1024px) 100vw, 1024px\" \/>\t\t\t\t\t\t\t\t\t\t\t\t\t\t\t<\/div>\n\t\t\t\t<\/div>\n\t\t\t\t<div class=\"elementor-element elementor-element-4679842 elementor-widget elementor-widget-image\" data-id=\"4679842\" data-element_type=\"widget\" data-widget_type=\"image.default\">\n\t\t\t\t<div class=\"elementor-widget-container\">\n\t\t\t\t\t\t\t\t\t\t\t\t\t\t\t<img loading=\"lazy\" decoding=\"async\" width=\"1024\" height=\"683\" src=\"https:\/\/iseitiestaskas.lt\/wp-content\/uploads\/2025\/07\/AND04641-1024x683.jpg\" class=\"attachment-large size-large\" alt=\"\" srcset=\"https:\/\/iseitiestaskas.lt\/wp-content\/uploads\/2025\/07\/AND04641-1024x683.jpg 1024w, https:\/\/iseitiestaskas.lt\/wp-content\/uploads\/2025\/07\/AND04641-300x200.jpg 300w, https:\/\/iseitiestaskas.lt\/wp-content\/uploads\/2025\/07\/AND04641-768x512.jpg 768w, https:\/\/iseitiestaskas.lt\/wp-content\/uploads\/2025\/07\/AND04641-391x260.jpg 391w, https:\/\/iseitiestaskas.lt\/wp-content\/uploads\/2025\/07\/AND04641-1536x1024.jpg 1536w, https:\/\/iseitiestaskas.lt\/wp-content\/uploads\/2025\/07\/AND04641-2048x1365.jpg 2048w, https:\/\/iseitiestaskas.lt\/wp-content\/uploads\/2025\/07\/AND04641-18x12.jpg 18w, https:\/\/iseitiestaskas.lt\/wp-content\/uploads\/2025\/07\/AND04641-600x400.jpg 600w\" sizes=\"(max-width: 1024px) 100vw, 1024px\" \/>\t\t\t\t\t\t\t\t\t\t\t\t\t\t\t<\/div>\n\t\t\t\t<\/div>\n\t\t\t\t<div class=\"elementor-element elementor-element-162b6e7 elementor-widget elementor-widget-text-editor\" data-id=\"162b6e7\" data-element_type=\"widget\" data-widget_type=\"text-editor.default\">\n\t\t\t\t<div class=\"elementor-widget-container\">\n\t\t\t\t\t\t\t\t<p>Asm archyvo nuotr.<\/p>\t\t\t\t\t\t<\/div>\n\t\t\t\t<\/div>\n\t\t\t\t\t<\/div>\n\t\t<\/div>\n\t\t\t\t\t\t\t<\/div>\n\t\t<\/section>\n\t\t\t\t\t\t<\/div>\n\t\t\t\t\t<\/div>","protected":false},"excerpt":{"rendered":"<p>BROKEN HEART STORY Spalio 4 d. 18:00 (\u0161e\u0161tadienis)Trukm\u0117: 1 val. 10 min.LMTA I Rasa Kurlinkut\u0117 I N-7 Kauno miesto kamerinis teatras, Did\u017eioji sal\u0117 Bilieto kaina: pasirinktinai 1, 5 arba 10 Eur Ar mano siela tikrai tu\u0161\u010dia?Kod\u0117l ji verkia?Jei b\u016bsiu rimta moteris ir d\u0117v\u0117siu \u016bsus, man seksis geriau?Ar a\u0161 tiesiog mirsiu vieni\u0161a, o mirusi\u0105 mane su\u0117s [&hellip;]<\/p>","protected":false},"author":1,"featured_media":0,"parent":0,"menu_order":0,"comment_status":"closed","ping_status":"closed","template":"","meta":{"om_disable_all_campaigns":false,"_monsterinsights_skip_tracking":false,"_monsterinsights_sitenote_active":false,"_monsterinsights_sitenote_note":"","_monsterinsights_sitenote_category":0,"footnotes":""},"aioseo_notices":[],"_links":{"self":[{"href":"https:\/\/iseitiestaskas.lt\/en\/wp-json\/wp\/v2\/pages\/5918"}],"collection":[{"href":"https:\/\/iseitiestaskas.lt\/en\/wp-json\/wp\/v2\/pages"}],"about":[{"href":"https:\/\/iseitiestaskas.lt\/en\/wp-json\/wp\/v2\/types\/page"}],"author":[{"embeddable":true,"href":"https:\/\/iseitiestaskas.lt\/en\/wp-json\/wp\/v2\/users\/1"}],"replies":[{"embeddable":true,"href":"https:\/\/iseitiestaskas.lt\/en\/wp-json\/wp\/v2\/comments?post=5918"}],"version-history":[{"count":8,"href":"https:\/\/iseitiestaskas.lt\/en\/wp-json\/wp\/v2\/pages\/5918\/revisions"}],"predecessor-version":[{"id":6410,"href":"https:\/\/iseitiestaskas.lt\/en\/wp-json\/wp\/v2\/pages\/5918\/revisions\/6410"}],"wp:attachment":[{"href":"https:\/\/iseitiestaskas.lt\/en\/wp-json\/wp\/v2\/media?parent=5918"}],"curies":[{"name":"wp","href":"https:\/\/api.w.org\/{rel}","templated":true}]}}