{"id":5927,"date":"2025-07-23T09:29:19","date_gmt":"2025-07-23T09:29:19","guid":{"rendered":"https:\/\/iseitiestaskas.lt\/?page_id=5927"},"modified":"2025-09-09T10:32:30","modified_gmt":"2025-09-09T10:32:30","slug":"lazy-diamond-s-underground","status":"publish","type":"page","link":"https:\/\/iseitiestaskas.lt\/en\/lazy-diamond-s-underground\/","title":{"rendered":"LAZY DIAMOND\u2019S UNDERGROUND"},"content":{"rendered":"<div data-elementor-type=\"wp-page\" data-elementor-id=\"5927\" class=\"elementor elementor-5927\" data-elementor-settings=\"[]\">\n\t\t\t\t\t\t\t<div class=\"elementor-section-wrap\">\n\t\t\t\t\t\t\t<section class=\"elementor-section elementor-top-section elementor-element elementor-element-f1c1a95 elementor-section-boxed elementor-section-height-default elementor-section-height-default\" data-id=\"f1c1a95\" data-element_type=\"section\">\n\t\t\t\t\t\t<div class=\"elementor-container elementor-column-gap-default\">\n\t\t\t\t\t<div class=\"elementor-column elementor-col-100 elementor-top-column elementor-element elementor-element-6c4380a\" data-id=\"6c4380a\" data-element_type=\"column\">\n\t\t\t<div class=\"elementor-widget-wrap elementor-element-populated\">\n\t\t\t\t\t\t\t\t<div class=\"elementor-element elementor-element-5ecfc78 elementor-widget elementor-widget-heading\" data-id=\"5ecfc78\" data-element_type=\"widget\" data-widget_type=\"heading.default\">\n\t\t\t\t<div class=\"elementor-widget-container\">\n\t\t\t<h2 class=\"elementor-heading-title elementor-size-default\">LAZY DIAMOND'S UNDERGROUND<\/h2>\t\t<\/div>\n\t\t\t\t<\/div>\n\t\t\t\t\t<\/div>\n\t\t<\/div>\n\t\t\t\t\t\t\t<\/div>\n\t\t<\/section>\n\t\t\t\t<section class=\"elementor-section elementor-top-section elementor-element elementor-element-4540086 elementor-section-boxed elementor-section-height-default elementor-section-height-default\" data-id=\"4540086\" data-element_type=\"section\">\n\t\t\t\t\t\t<div class=\"elementor-container elementor-column-gap-default\">\n\t\t\t\t\t<div class=\"elementor-column elementor-col-50 elementor-top-column elementor-element elementor-element-21d81e9\" data-id=\"21d81e9\" data-element_type=\"column\">\n\t\t\t<div class=\"elementor-widget-wrap elementor-element-populated\">\n\t\t\t\t\t\t\t\t<div class=\"elementor-element elementor-element-37e716b8 elementor-widget elementor-widget-text-editor\" data-id=\"37e716b8\" data-element_type=\"widget\" data-widget_type=\"text-editor.default\">\n\t\t\t\t<div class=\"elementor-widget-container\">\n\t\t\t\t\t\t\t\t<!-- wp:paragraph -->\n<h5><strong>Spalio 5 d. 18:00 (sekmadienis)<\/strong><br \/><strong>Length: 50 min.<\/strong><br \/><strong>LAZY DIAMOND\u2019S UNDERGROUND koncertas<br \/><\/strong><em>Kaunas City Chamber Theatre, Great Hall<\/em><\/h5>\n<p><mark class=\"has-inline-color\" style=\"background-color: #f78da7;\"><em>Renginys nemokamas, b\u016btina registracij<\/em>a<\/mark><\/p>\n<!-- \/wp:paragraph --><!-- wp:paragraph -->\n<p><span style=\"font-weight: 400;\">Grup\u0117 \u201elazy diamond\u2019s underground\u201c (Paulina Simutyt\u0117 \u2013 vokalas, tekstai; Andrius \u0160iurys \u2013 elektronika, fliugelhornas, tekstai; Dominykas Snarskis \u2013 mu\u0161amieji) audiovizualiniu formatu pristato greit pasirodysiant\u012f savo antr\u0105j\u012f album\u0105 \u201eLingua\u201c. Pagrindinis albumo \u012fvaizdis \u2013 tai anglies lie\u017euvis Lingua, kalbantis visomis pasaulio kalbomis. Anglis yra ne tik cheminis deimanto (gamtos ir \u017emogaus bendro k\u016brinio bei j\u0173 mediumo) pagrindas, bet ir vienas esmini\u0173 gyvyb\u0117s visatoje element\u0173. Albumo k\u016briniuose girdima keliolika skirting\u0173 kalb\u0173: lietuvi\u0173, angl\u0173, ukrainie\u010di\u0173, pranc\u016bz\u0173, vokie\u010di\u0173, suomi\u0173 ir kt. Kar\u0173, klimato kriz\u0117s, ideologinio ir vertybinio susiskaldymo kamuojamame \u0161iandienos pasaulyje svarbu ie\u0161koti bendra\u017emogi\u0161kumo. \u201eLingua\u201c \u2013 tai tarsi keliavimas per skirtingas kult\u016bras, laikme\u010dius, tradicijas, o visa tai apjungia vientisa atmosferin\u0117s muzikos stilizacija, tartum apibendrinanti visos \u0161ios \u012fvairov\u0117s esm\u0119 \u2013 \u017emog\u0173, sudaryt\u0105 i\u0161 anglies.<\/span><\/p>\n<p><span style=\"font-weight: 400;\">\u201elazy diamond\u2019s underground\u201c kuria misti\u0161k\u0105, hipnoti\u0161k\u0105, kinematografi\u0161k\u0105 muzik\u0105. J\u0173 skambesyje susilieja <\/span><i><span style=\"font-weight: 400;\">dark jazz<\/span><\/i><span style=\"font-weight: 400;\">, <\/span><i><span style=\"font-weight: 400;\">trip-hop<\/span><\/i><span style=\"font-weight: 400;\">, <\/span><i><span style=\"font-weight: 400;\">dark dub<\/span><\/i><span style=\"font-weight: 400;\">, <\/span><i><span style=\"font-weight: 400;\">spoken word<\/span><\/i><span style=\"font-weight: 400;\"> ir kit\u0173 stili\u0173 elementai, sapni\u0161kumas bei vokalin\u0117s-instrumentin\u0117s improvizacijos. \u201eTingi\u0173j\u0173 deimant\u0173\u201c nari\u0173 muzika skamba ne tik grup\u0117s koncertuose, bet ir \u012fvairiuose tarpdisciplininio meno projektuose, spektakliuose, instaliacijose, parodose. Vizualin\u0119 \u201eLingua\u201c programos dal\u012f suk\u016br\u0117 video menininkas Tomas Stonys<\/span><\/p>\n<!-- \/wp:paragraph --><!-- wp:paragraph -->\n<p><strong>Grup\u0119 sudaro: <\/strong>Paulina Simutyt\u0117 (vokalas, el. perkusija, tekstai), Andrius \u0160iurys (elektronika, fliugelhornas, tekstai), Dominykas Snarskis (mu\u0161amieji)<br \/><strong>Videomenas: <\/strong>Tomas Stonys<\/p>\n<!-- \/wp:gallery -->\t\t\t\t\t\t<\/div>\n\t\t\t\t<\/div>\n\t\t\t\t<div class=\"elementor-element elementor-element-d69d877 elementor-widget elementor-widget-jet-popup-action-button\" data-id=\"d69d877\" data-element_type=\"widget\" data-widget_type=\"jet-popup-action-button.default\">\n\t\t\t\t<div class=\"elementor-widget-container\">\n\t\t\t\t\t<div class=\"jet-popup-action-button\">\n\t\t\t<a class=\"jet-popup-action-button__instance jet-popup-action-button--icon-after\" data-settings=\"{&quot;action-type&quot;:&quot;link&quot;}\" href=\"https:\/\/docs.google.com\/forms\/d\/e\/1FAIpQLSebH6QoC98aBGIdFeGqnQ_PI766g6Eg9hguUDCDvmpFagoj_w\/viewform\"><i class=\"jet-popup-action-button__icon fa fa-ticket\"><\/i><span class=\"jet-popup-action-button__text\">Registracija<\/span>\t\t\t<\/a>\n\t\t<\/div>\t\t<\/div>\n\t\t\t\t<\/div>\n\t\t\t\t\t<\/div>\n\t\t<\/div>\n\t\t\t\t<div class=\"elementor-column elementor-col-50 elementor-top-column elementor-element elementor-element-ad1c2d4\" data-id=\"ad1c2d4\" data-element_type=\"column\">\n\t\t\t<div class=\"elementor-widget-wrap elementor-element-populated\">\n\t\t\t\t\t\t\t\t<div class=\"elementor-element elementor-element-154e09a elementor-widget elementor-widget-image\" data-id=\"154e09a\" data-element_type=\"widget\" data-widget_type=\"image.default\">\n\t\t\t\t<div class=\"elementor-widget-container\">\n\t\t\t\t\t\t\t\t\t\t\t\t\t\t\t<img loading=\"lazy\" decoding=\"async\" width=\"1024\" height=\"683\" src=\"https:\/\/iseitiestaskas.lt\/wp-content\/uploads\/2025\/07\/3-1-1-1024x683.png\" class=\"attachment-large size-large\" alt=\"\" srcset=\"https:\/\/iseitiestaskas.lt\/wp-content\/uploads\/2025\/07\/3-1-1-1024x683.png 1024w, https:\/\/iseitiestaskas.lt\/wp-content\/uploads\/2025\/07\/3-1-1-300x200.png 300w, https:\/\/iseitiestaskas.lt\/wp-content\/uploads\/2025\/07\/3-1-1-768x512.png 768w, https:\/\/iseitiestaskas.lt\/wp-content\/uploads\/2025\/07\/3-1-1-391x260.png 391w, https:\/\/iseitiestaskas.lt\/wp-content\/uploads\/2025\/07\/3-1-1-1536x1024.png 1536w, https:\/\/iseitiestaskas.lt\/wp-content\/uploads\/2025\/07\/3-1-1-2048x1365.png 2048w, https:\/\/iseitiestaskas.lt\/wp-content\/uploads\/2025\/07\/3-1-1-18x12.png 18w, https:\/\/iseitiestaskas.lt\/wp-content\/uploads\/2025\/07\/3-1-1-600x400.png 600w\" sizes=\"(max-width: 1024px) 100vw, 1024px\" \/>\t\t\t\t\t\t\t\t\t\t\t\t\t\t\t<\/div>\n\t\t\t\t<\/div>\n\t\t\t\t<div class=\"elementor-element elementor-element-ad0eb7b elementor-widget elementor-widget-image\" data-id=\"ad0eb7b\" data-element_type=\"widget\" data-widget_type=\"image.default\">\n\t\t\t\t<div class=\"elementor-widget-container\">\n\t\t\t\t\t\t\t\t\t\t\t\t\t\t\t<img loading=\"lazy\" decoding=\"async\" width=\"1024\" height=\"683\" src=\"https:\/\/iseitiestaskas.lt\/wp-content\/uploads\/2025\/07\/2-2-1024x683.png\" class=\"attachment-large size-large\" alt=\"\" srcset=\"https:\/\/iseitiestaskas.lt\/wp-content\/uploads\/2025\/07\/2-2-1024x683.png 1024w, https:\/\/iseitiestaskas.lt\/wp-content\/uploads\/2025\/07\/2-2-300x200.png 300w, https:\/\/iseitiestaskas.lt\/wp-content\/uploads\/2025\/07\/2-2-768x512.png 768w, https:\/\/iseitiestaskas.lt\/wp-content\/uploads\/2025\/07\/2-2-391x260.png 391w, https:\/\/iseitiestaskas.lt\/wp-content\/uploads\/2025\/07\/2-2-1536x1024.png 1536w, https:\/\/iseitiestaskas.lt\/wp-content\/uploads\/2025\/07\/2-2-2048x1365.png 2048w, https:\/\/iseitiestaskas.lt\/wp-content\/uploads\/2025\/07\/2-2-18x12.png 18w, https:\/\/iseitiestaskas.lt\/wp-content\/uploads\/2025\/07\/2-2-600x400.png 600w\" sizes=\"(max-width: 1024px) 100vw, 1024px\" \/>\t\t\t\t\t\t\t\t\t\t\t\t\t\t\t<\/div>\n\t\t\t\t<\/div>\n\t\t\t\t<div class=\"elementor-element elementor-element-bc74cf0 elementor-widget elementor-widget-text-editor\" data-id=\"bc74cf0\" data-element_type=\"widget\" data-widget_type=\"text-editor.default\">\n\t\t\t\t<div class=\"elementor-widget-container\">\n\t\t\t\t\t\t\t\t<p>Foto. aut. Rytis \u0160e\u0161kaitis<\/p>\t\t\t\t\t\t<\/div>\n\t\t\t\t<\/div>\n\t\t\t\t\t<\/div>\n\t\t<\/div>\n\t\t\t\t\t\t\t<\/div>\n\t\t<\/section>\n\t\t\t\t<section class=\"elementor-section elementor-top-section elementor-element elementor-element-38948bc elementor-section-boxed elementor-section-height-default elementor-section-height-default\" data-id=\"38948bc\" data-element_type=\"section\">\n\t\t\t\t\t\t<div class=\"elementor-container elementor-column-gap-default\">\n\t\t\t\t\t<div class=\"elementor-column elementor-col-50 elementor-top-column elementor-element elementor-element-a656398\" data-id=\"a656398\" data-element_type=\"column\">\n\t\t\t<div class=\"elementor-widget-wrap elementor-element-populated\">\n\t\t\t\t\t\t\t\t<div class=\"elementor-element elementor-element-5c9ec98 elementor-widget elementor-widget-text-editor\" data-id=\"5c9ec98\" data-element_type=\"widget\" data-widget_type=\"text-editor.default\">\n\t\t\t\t<div class=\"elementor-widget-container\">\n\t\t\t\t\t\t\t\t<!-- wp:paragraph -->\n<h5><strong>October 5 18:00 (Sunday)<\/strong><br \/><strong>Duration: 50 min.<\/strong><br \/><strong>LAZY DIAMOND\u2019S UNDERGROUND concert<br \/><\/strong><em>Kaunas City Chamber Theatre, Main hall<\/em><\/h5>\n<p><span style=\"color: #000000;\"><span style=\"background-color: #f78da7;\"><i>The event is free of charge, registratrion is needed<\/i><\/span><\/span><\/p>\n<!-- \/wp:paragraph --><!-- wp:paragraph -->\n<p><span style=\"font-weight: 400;\">\u201clazy diamond&#8217;s underground\u201c presents its second album \u201cLingua\u201c in audiovisual format. Lingua, a carbon tongue that speaks all the languages of the world, is a medium between man and nature. Carbon is not only the chemical basis of the diamond (a co-creation of nature and man), but also one of the essential elements of life in the universe. The album&#8217;s tracks feature a dozen different languages &#8211; in today&#8217;s world of wars, climate crisis, ideological and value divisions, it is important to search for common humanity. &#8222;Lingua\u201c is like a journey through different cultures, eras and traditions, all of which are brought together by a seamless stylization of atmospheric music that seems to sum up the essence of all this diversity &#8211; the human being made of carbon.<\/span><\/p>\n<p><span style=\"font-weight: 400;\">&#8222;lazy diamond&#8217;s underground\u201c creates hypnotic, dreamy, cinematic music. Their sound is sometimes described as Lynch-hop, a fusion of dark jazz, trip-hop, ambient, rap and other styles, psychedelic sounds and vocal-instrumental improvisations.<\/span><\/p>\n<p><b>Band members:<\/b><span style=\"font-weight: 400;\"> Paulina Simutyt\u0117 (vocals, e-percussion, lyrics), Andrius \u0160iurys (electronics, flugelhorn, lyrics), Dominykas Snarskis (percussion)<\/span><\/p>\n<p><b>Video:<\/b><span style=\"font-weight: 400;\"> Tomas Stonys<\/span><\/p>\n<!-- \/wp:gallery -->\t\t\t\t\t\t<\/div>\n\t\t\t\t<\/div>\n\t\t\t\t<div class=\"elementor-element elementor-element-ae34e8a elementor-widget elementor-widget-jet-popup-action-button\" data-id=\"ae34e8a\" data-element_type=\"widget\" data-widget_type=\"jet-popup-action-button.default\">\n\t\t\t\t<div class=\"elementor-widget-container\">\n\t\t\t\t\t<div class=\"jet-popup-action-button\">\n\t\t\t<a class=\"jet-popup-action-button__instance jet-popup-action-button--icon-after\" data-settings=\"{&quot;action-type&quot;:&quot;link&quot;}\" href=\"https:\/\/docs.google.com\/forms\/d\/e\/1FAIpQLSebH6QoC98aBGIdFeGqnQ_PI766g6Eg9hguUDCDvmpFagoj_w\/viewform\"><i class=\"jet-popup-action-button__icon fa fa-ticket\"><\/i><span class=\"jet-popup-action-button__text\">Registration<\/span>\t\t\t<\/a>\n\t\t<\/div>\t\t<\/div>\n\t\t\t\t<\/div>\n\t\t\t\t\t<\/div>\n\t\t<\/div>\n\t\t\t\t<div class=\"elementor-column elementor-col-50 elementor-top-column elementor-element elementor-element-815d00e\" data-id=\"815d00e\" data-element_type=\"column\">\n\t\t\t<div class=\"elementor-widget-wrap elementor-element-populated\">\n\t\t\t\t\t\t\t\t<div class=\"elementor-element elementor-element-75817c5 elementor-widget elementor-widget-image\" data-id=\"75817c5\" data-element_type=\"widget\" data-widget_type=\"image.default\">\n\t\t\t\t<div class=\"elementor-widget-container\">\n\t\t\t\t\t\t\t\t\t\t\t\t\t\t\t<img loading=\"lazy\" decoding=\"async\" width=\"1024\" height=\"683\" src=\"https:\/\/iseitiestaskas.lt\/wp-content\/uploads\/2025\/07\/1-5-1024x683.png\" class=\"attachment-large size-large\" alt=\"\" srcset=\"https:\/\/iseitiestaskas.lt\/wp-content\/uploads\/2025\/07\/1-5-1024x683.png 1024w, https:\/\/iseitiestaskas.lt\/wp-content\/uploads\/2025\/07\/1-5-300x200.png 300w, https:\/\/iseitiestaskas.lt\/wp-content\/uploads\/2025\/07\/1-5-768x512.png 768w, https:\/\/iseitiestaskas.lt\/wp-content\/uploads\/2025\/07\/1-5-391x260.png 391w, https:\/\/iseitiestaskas.lt\/wp-content\/uploads\/2025\/07\/1-5-1536x1024.png 1536w, https:\/\/iseitiestaskas.lt\/wp-content\/uploads\/2025\/07\/1-5-2048x1365.png 2048w, https:\/\/iseitiestaskas.lt\/wp-content\/uploads\/2025\/07\/1-5-18x12.png 18w, https:\/\/iseitiestaskas.lt\/wp-content\/uploads\/2025\/07\/1-5-600x400.png 600w\" sizes=\"(max-width: 1024px) 100vw, 1024px\" \/>\t\t\t\t\t\t\t\t\t\t\t\t\t\t\t<\/div>\n\t\t\t\t<\/div>\n\t\t\t\t<div class=\"elementor-element elementor-element-944dcd2 elementor-widget elementor-widget-text-editor\" data-id=\"944dcd2\" data-element_type=\"widget\" data-widget_type=\"text-editor.default\">\n\t\t\t\t<div class=\"elementor-widget-container\">\n\t\t\t\t\t\t\t\t<p>Foto. aut. Rytis \u0160e\u0161kaitis<\/p>\t\t\t\t\t\t<\/div>\n\t\t\t\t<\/div>\n\t\t\t\t\t<\/div>\n\t\t<\/div>\n\t\t\t\t\t\t\t<\/div>\n\t\t<\/section>\n\t\t\t\t\t\t<\/div>\n\t\t\t\t\t<\/div>","protected":false},"excerpt":{"rendered":"<p>LAZY DIAMOND&#8217;S UNDERGROUND Spalio 5 d. 18:00 (sekmadienis)Trukm\u0117: 50 min.LAZY DIAMOND\u2019S UNDERGROUND koncertasKauno miesto kamerinis teatras, Did\u017eioji sal\u0117 Renginys nemokamas, b\u016btina registracija Grup\u0117 \u201elazy diamond\u2019s underground\u201c (Paulina Simutyt\u0117 \u2013 vokalas, tekstai; Andrius \u0160iurys \u2013 elektronika, fliugelhornas, tekstai; Dominykas Snarskis \u2013 mu\u0161amieji) audiovizualiniu formatu pristato greit pasirodysiant\u012f savo antr\u0105j\u012f album\u0105 \u201eLingua\u201c. Pagrindinis albumo \u012fvaizdis \u2013 tai [&hellip;]<\/p>","protected":false},"author":1,"featured_media":0,"parent":0,"menu_order":0,"comment_status":"closed","ping_status":"closed","template":"","meta":{"om_disable_all_campaigns":false,"_monsterinsights_skip_tracking":false,"_monsterinsights_sitenote_active":false,"_monsterinsights_sitenote_note":"","_monsterinsights_sitenote_category":0,"footnotes":""},"aioseo_notices":[],"_links":{"self":[{"href":"https:\/\/iseitiestaskas.lt\/en\/wp-json\/wp\/v2\/pages\/5927"}],"collection":[{"href":"https:\/\/iseitiestaskas.lt\/en\/wp-json\/wp\/v2\/pages"}],"about":[{"href":"https:\/\/iseitiestaskas.lt\/en\/wp-json\/wp\/v2\/types\/page"}],"author":[{"embeddable":true,"href":"https:\/\/iseitiestaskas.lt\/en\/wp-json\/wp\/v2\/users\/1"}],"replies":[{"embeddable":true,"href":"https:\/\/iseitiestaskas.lt\/en\/wp-json\/wp\/v2\/comments?post=5927"}],"version-history":[{"count":26,"href":"https:\/\/iseitiestaskas.lt\/en\/wp-json\/wp\/v2\/pages\/5927\/revisions"}],"predecessor-version":[{"id":6567,"href":"https:\/\/iseitiestaskas.lt\/en\/wp-json\/wp\/v2\/pages\/5927\/revisions\/6567"}],"wp:attachment":[{"href":"https:\/\/iseitiestaskas.lt\/en\/wp-json\/wp\/v2\/media?parent=5927"}],"curies":[{"name":"wp","href":"https:\/\/api.w.org\/{rel}","templated":true}]}}