{"id":984,"date":"2021-08-29T17:19:48","date_gmt":"2021-08-29T17:19:48","guid":{"rendered":"http:\/\/iseitiestaskas.lt\/?page_id=984"},"modified":"2021-09-17T11:01:42","modified_gmt":"2021-09-17T11:01:42","slug":"delasferos-koncertas","status":"publish","type":"page","link":"https:\/\/iseitiestaskas.lt\/en\/delasferos-koncertas\/","title":{"rendered":"Delasferos"},"content":{"rendered":"<div data-elementor-type=\"wp-page\" data-elementor-id=\"984\" class=\"elementor elementor-984\" data-elementor-settings=\"[]\">\n\t\t\t\t\t\t\t<div class=\"elementor-section-wrap\">\n\t\t\t\t\t\t\t<section class=\"elementor-section elementor-top-section elementor-element elementor-element-4d88f3f9 elementor-section-boxed elementor-section-height-default elementor-section-height-default\" data-id=\"4d88f3f9\" data-element_type=\"section\">\n\t\t\t\t\t\t<div class=\"elementor-container elementor-column-gap-default\">\n\t\t\t\t\t<div class=\"elementor-column elementor-col-100 elementor-top-column elementor-element elementor-element-44519fa4\" data-id=\"44519fa4\" data-element_type=\"column\">\n\t\t\t<div class=\"elementor-widget-wrap elementor-element-populated\">\n\t\t\t\t\t\t\t\t<div class=\"elementor-element elementor-element-4be7f3f4 elementor-widget elementor-widget-heading\" data-id=\"4be7f3f4\" data-element_type=\"widget\" data-widget_type=\"heading.default\">\n\t\t\t\t<div class=\"elementor-widget-container\">\n\t\t\t<h2 class=\"elementor-heading-title elementor-size-default\">Grup\u0117s \u201cDelasferos\u201d koncertas\n<\/h2>\t\t<\/div>\n\t\t\t\t<\/div>\n\t\t\t\t<div class=\"elementor-element elementor-element-348b77f9 elementor-widget-divider--view-line elementor-widget elementor-widget-divider\" data-id=\"348b77f9\" data-element_type=\"widget\" data-widget_type=\"divider.default\">\n\t\t\t\t<div class=\"elementor-widget-container\">\n\t\t\t\t\t<div class=\"elementor-divider\">\n\t\t\t<span class=\"elementor-divider-separator\">\n\t\t\t\t\t\t<\/span>\n\t\t<\/div>\n\t\t\t\t<\/div>\n\t\t\t\t<\/div>\n\t\t\t\t<div class=\"elementor-element elementor-element-5b21cdc9 elementor-widget elementor-widget-text-editor\" data-id=\"5b21cdc9\" data-element_type=\"widget\" data-widget_type=\"text-editor.default\">\n\t\t\t\t<div class=\"elementor-widget-container\">\n\t\t\t\t\t\t\t\t<p><em>Debiutinio albumo DELASFERA pristatymas.<br \/><\/em><strong>Renginys nemokamas<\/strong> (reikalinga registracija)<em><br \/><\/em><\/p>\t\t\t\t\t\t<\/div>\n\t\t\t\t<\/div>\n\t\t\t\t\t<\/div>\n\t\t<\/div>\n\t\t\t\t\t\t\t<\/div>\n\t\t<\/section>\n\t\t\t\t<section class=\"elementor-section elementor-top-section elementor-element elementor-element-4a62707a elementor-section-boxed elementor-section-height-default elementor-section-height-default\" data-id=\"4a62707a\" data-element_type=\"section\">\n\t\t\t\t\t\t<div class=\"elementor-container elementor-column-gap-default\">\n\t\t\t\t\t<div class=\"elementor-column elementor-col-50 elementor-top-column elementor-element elementor-element-2fa3771d\" data-id=\"2fa3771d\" data-element_type=\"column\">\n\t\t\t<div class=\"elementor-widget-wrap elementor-element-populated\">\n\t\t\t\t\t\t\t\t<div class=\"elementor-element elementor-element-14b5d1b0 elementor-widget elementor-widget-image\" data-id=\"14b5d1b0\" data-element_type=\"widget\" data-widget_type=\"image.default\">\n\t\t\t\t<div class=\"elementor-widget-container\">\n\t\t\t\t\t\t\t\t\t\t\t\t\t\t\t<img loading=\"lazy\" decoding=\"async\" width=\"1024\" height=\"997\" src=\"https:\/\/iseitiestaskas.lt\/wp-content\/uploads\/2021\/08\/delasferos-1024x997.jpg\" class=\"attachment-large size-large\" alt=\"\" srcset=\"https:\/\/iseitiestaskas.lt\/wp-content\/uploads\/2021\/08\/delasferos-1024x997.jpg 1024w, https:\/\/iseitiestaskas.lt\/wp-content\/uploads\/2021\/08\/delasferos-600x584.jpg 600w, https:\/\/iseitiestaskas.lt\/wp-content\/uploads\/2021\/08\/delasferos-300x292.jpg 300w, https:\/\/iseitiestaskas.lt\/wp-content\/uploads\/2021\/08\/delasferos-768x748.jpg 768w, https:\/\/iseitiestaskas.lt\/wp-content\/uploads\/2021\/08\/delasferos-1536x1495.jpg 1536w, https:\/\/iseitiestaskas.lt\/wp-content\/uploads\/2021\/08\/delasferos.jpg 1690w\" sizes=\"(max-width: 1024px) 100vw, 1024px\" \/>\t\t\t\t\t\t\t\t\t\t\t\t\t\t\t<\/div>\n\t\t\t\t<\/div>\n\t\t\t\t<div class=\"elementor-element elementor-element-f2421e2 elementor-widget elementor-widget-image\" data-id=\"f2421e2\" data-element_type=\"widget\" data-widget_type=\"image.default\">\n\t\t\t\t<div class=\"elementor-widget-container\">\n\t\t\t\t\t\t\t\t\t\t\t\t\t\t\t<img loading=\"lazy\" decoding=\"async\" width=\"1024\" height=\"684\" src=\"https:\/\/iseitiestaskas.lt\/wp-content\/uploads\/2021\/08\/delasferos-1-1024x684.jpg\" class=\"attachment-large size-large\" alt=\"\" srcset=\"https:\/\/iseitiestaskas.lt\/wp-content\/uploads\/2021\/08\/delasferos-1-1024x684.jpg 1024w, https:\/\/iseitiestaskas.lt\/wp-content\/uploads\/2021\/08\/delasferos-1-600x401.jpg 600w, https:\/\/iseitiestaskas.lt\/wp-content\/uploads\/2021\/08\/delasferos-1-300x200.jpg 300w, https:\/\/iseitiestaskas.lt\/wp-content\/uploads\/2021\/08\/delasferos-1-768x513.jpg 768w, https:\/\/iseitiestaskas.lt\/wp-content\/uploads\/2021\/08\/delasferos-1-391x260.jpg 391w, https:\/\/iseitiestaskas.lt\/wp-content\/uploads\/2021\/08\/delasferos-1.jpg 1454w\" sizes=\"(max-width: 1024px) 100vw, 1024px\" \/>\t\t\t\t\t\t\t\t\t\t\t\t\t\t\t<\/div>\n\t\t\t\t<\/div>\n\t\t\t\t<div class=\"elementor-element elementor-element-c4b1f9f elementor-widget elementor-widget-image\" data-id=\"c4b1f9f\" data-element_type=\"widget\" data-widget_type=\"image.default\">\n\t\t\t\t<div class=\"elementor-widget-container\">\n\t\t\t\t\t\t\t\t\t\t\t\t\t\t\t<img loading=\"lazy\" decoding=\"async\" width=\"1024\" height=\"684\" src=\"https:\/\/iseitiestaskas.lt\/wp-content\/uploads\/2021\/08\/delasferosc\u030c-1024x684.jpg\" class=\"attachment-large size-large\" alt=\"\" srcset=\"https:\/\/iseitiestaskas.lt\/wp-content\/uploads\/2021\/08\/delasferosc\u030c-1024x684.jpg 1024w, https:\/\/iseitiestaskas.lt\/wp-content\/uploads\/2021\/08\/delasferosc\u030c-600x401.jpg 600w, https:\/\/iseitiestaskas.lt\/wp-content\/uploads\/2021\/08\/delasferosc\u030c-300x200.jpg 300w, https:\/\/iseitiestaskas.lt\/wp-content\/uploads\/2021\/08\/delasferosc\u030c-768x513.jpg 768w, https:\/\/iseitiestaskas.lt\/wp-content\/uploads\/2021\/08\/delasferosc\u030c-391x260.jpg 391w, https:\/\/iseitiestaskas.lt\/wp-content\/uploads\/2021\/08\/delasferosc\u030c.jpg 1504w\" sizes=\"(max-width: 1024px) 100vw, 1024px\" \/>\t\t\t\t\t\t\t\t\t\t\t\t\t\t\t<\/div>\n\t\t\t\t<\/div>\n\t\t\t\t\t<\/div>\n\t\t<\/div>\n\t\t\t\t<div class=\"elementor-column elementor-col-50 elementor-top-column elementor-element elementor-element-3cd7acb7\" data-id=\"3cd7acb7\" data-element_type=\"column\">\n\t\t\t<div class=\"elementor-widget-wrap elementor-element-populated\">\n\t\t\t\t\t\t\t\t<div class=\"elementor-element elementor-element-e55231 elementor-widget elementor-widget-heading\" data-id=\"e55231\" data-element_type=\"widget\" data-widget_type=\"heading.default\">\n\t\t\t\t<div class=\"elementor-widget-container\">\n\t\t\t<h5 class=\"elementor-heading-title elementor-size-default\">20:00 | Rugs\u0117jo 18 d. (\u0161e\u0161tadienis) <\/h5>\t\t<\/div>\n\t\t\t\t<\/div>\n\t\t\t\t<div class=\"elementor-element elementor-element-6847d074 elementor-widget elementor-widget-text-editor\" data-id=\"6847d074\" data-element_type=\"widget\" data-widget_type=\"text-editor.default\">\n\t\t\t\t<div class=\"elementor-widget-container\">\n\t\t\t\t\t\t\t\t<div class=\"kvgmc6g5 cxmmr5t8 oygrvhab hcukyx3x c1et5uql\">Kosmin\u0117s muzikos k\u016br\u0117jai \u201eDelasferos\u201c pristato savo pirm\u0105j\u012f album\u0105 \u201eDelasfera\u201c. Jame nugul\u0117 dark jazz, ambient, dream pop stilistikos kompozicijos, kurian\u010dios paslapting\u0105 atmosfer\u0105 ir ilgesing\u0105 nuotaik\u0105 bei pasakojan\u010dios apie kiekvieno \u017emogaus vidin\u0119 visat\u0105<\/div><div>\u00a0<\/div><div class=\"o9v6fnle cxmmr5t8 oygrvhab hcukyx3x c1et5uql\">Net ketverius metus brandintas albumas prasideda ritmi\u0161kais, ai\u0161kiai strukt\u016bruotais, svajingais k\u016briniais (\u201eVenera\u201c, \u201eTyliai pas\u0117d\u0117t\u201c, \u201eKur tu?\u201c), l\u0117tai vedan\u010diais \u012f antr\u0105j\u0105 kompiliacijos dal\u012f, kurioje muzika vis abstrakt\u0117ja, tartum i\u0161siver\u017eia i\u0161 \u0161ilto ir jaukaus kambario \u012f \u017evaig\u017ed\u0117t\u0105 ne\u017einomyb\u0119 (\u201eDiptikas\u201c, \u201eSonia\u201c, \u201eDelasfera\u201c).<\/div><div>\u00a0<\/div><div class=\"o9v6fnle cxmmr5t8 oygrvhab hcukyx3x c1et5uql\">Gitaristas Justinas \u017dilys, grodamas nestandartiniais b\u016bdais bei naudodamas \u012fvairius garso efektus siekia, kad jo instrumentas \u201eDelasferose\u201c kartais skamb\u0117t\u0173 lyg sintezatoriaus melodija ar triuk\u0161m\u0173 k\u016brimo prietaisas, nepastebimai susiliejantis su saksofono ir elektronikos garsais. \u201eMan artimiausias albumo k\u016brinys yra \u201eSonia\u201c. Tai viena pirm\u0173j\u0173 m\u016bs\u0173 kompozicij\u0173, bet paskutin\u0117, kuri\u0105 \u012fra\u0161\u0117me, nes ilgai ie\u0161kojome geriausio b\u016bdo i\u0161pildyti ambicing\u0105 jos strukt\u016br\u0105. \u201eSonia\u201c turi labai tyr\u0105, jausmo pripildyt\u0105, kosmi\u0161k\u0105 atmosfer\u0105, kuri i\u0161 ramyb\u0117s palaipsniui pereina \u012f griausming\u0105 elektronikos apokalips\u0119. Ji \u012fkv\u0117pta F. Dostojevskio romano \u201eNusikaltimas ir bausm\u0117\u201c, tai atsispindi ir dramati\u0161koje, turbulenti\u0161koje k\u016brinio nuotaikoje. \u0160is k\u016brinys man visuomet veikia kaip \u201edelasferi\u0161ka\u201c meditacija &#8211; atvira, nat\u016brali, nepaisanti taisykli\u0173 ir kanon\u0173.\u201c<\/div><div>\u00a0<\/div><div class=\"o9v6fnle cxmmr5t8 oygrvhab hcukyx3x c1et5uql\">\u0160i\u0105 garsin\u0119 kelion\u0119 u\u017ebaigia k\u016brinys \u201eDelasfera\u201c, pagal kur\u012f ir pavadintas albumas. Pasak grup\u0117s vokalist\u0117s Ingos, \u201eDelasfera &#8211; tai muzika apie kiekvienoje k\u016bno l\u0105stel\u0117je virpant\u012f begalin\u012f kosmos\u0105.\u201c<\/div><div class=\"o9v6fnle cxmmr5t8 oygrvhab hcukyx3x c1et5uql\">Grup\u0117s narys Andrius teigia, jog tokia strukt\u016bra pasirinkta neatsitiktinai. \u201eMes norime, kad klausytojas atsipalaiduot\u0173, kad, past\u016bm\u0117tas muzikos, gal\u0117t\u0173 svajoti, prisiminti, susim\u0105styti. Albumas prasideda nuo k\u016brini\u0173, kuriuose daugiau teksto, jais siekiame tartum susipa\u017einti su klausytoju, o v\u0117liau tampame jo bendra\u017eygiais begalin\u0117je kelion\u0117je. A\u0161 pats, klausydamas \u0161\u012f album\u0105, \u012fsivaizduoju vien\u0105 ta\u0161k\u0105, kuris l\u0117tai ple\u010diasi ir ilgainiui virsta visata\u201c.<\/div><div class=\"o9v6fnle cxmmr5t8 oygrvhab hcukyx3x c1et5uql\">\u00a0<\/div><div class=\"o9v6fnle cxmmr5t8 oygrvhab hcukyx3x c1et5uql\">Album\u0105 galima rasti visose pagrindin\u0117se muzikos klausymo platformose: Spotify, YouTube, pakartot.lt ir kt. <br \/><br \/>Album\u0105 i\u0161 dalies finansuoja Asociacija LATGA.<br \/><br \/><\/div><div class=\"o9v6fnle cxmmr5t8 oygrvhab hcukyx3x c1et5uql\"><a href=\"https:\/\/youtu.be\/0CoMKQo78EM\">Albumo nuoroda YouTube platformoje<\/a><\/div><div class=\"o9v6fnle cxmmr5t8 oygrvhab hcukyx3x c1et5uql\"><a href=\"https:\/\/www.facebook.com\/Delasferos\/\">Daugiau informacijos apie grup\u0119 \u201eDelasferos\u201c<\/a><\/div>\t\t\t\t\t\t<\/div>\n\t\t\t\t<\/div>\n\t\t\t\t<div class=\"elementor-element elementor-element-98252f1 elementor-widget elementor-widget-spacer\" data-id=\"98252f1\" data-element_type=\"widget\" data-widget_type=\"spacer.default\">\n\t\t\t\t<div class=\"elementor-widget-container\">\n\t\t\t\t\t<div class=\"elementor-spacer\">\n\t\t\t<div class=\"elementor-spacer-inner\"><\/div>\n\t\t<\/div>\n\t\t\t\t<\/div>\n\t\t\t\t<\/div>\n\t\t\t\t<div class=\"elementor-element elementor-element-5128f97 elementor-widget elementor-widget-heading\" data-id=\"5128f97\" data-element_type=\"widget\" data-widget_type=\"heading.default\">\n\t\t\t\t<div class=\"elementor-widget-container\">\n\t\t\t<h5 class=\"elementor-heading-title elementor-size-default\">K\u016aRYBIN\u0116 KOMANDA<\/h5>\t\t<\/div>\n\t\t\t\t<\/div>\n\t\t\t\t<div class=\"elementor-element elementor-element-754ffb79 elementor-widget elementor-widget-spacer\" data-id=\"754ffb79\" data-element_type=\"widget\" data-widget_type=\"spacer.default\">\n\t\t\t\t<div class=\"elementor-widget-container\">\n\t\t\t\t\t<div class=\"elementor-spacer\">\n\t\t\t<div class=\"elementor-spacer-inner\"><\/div>\n\t\t<\/div>\n\t\t\t\t<\/div>\n\t\t\t\t<\/div>\n\t\t\t\t<div class=\"elementor-element elementor-element-12270a48 elementor-widget elementor-widget-text-editor\" data-id=\"12270a48\" data-element_type=\"widget\" data-widget_type=\"text-editor.default\">\n\t\t\t\t<div class=\"elementor-widget-container\">\n\t\t\t\t\t\t\t\t<div><strong>Kompozitorius:<\/strong> Andrius \u0160iurys<br \/><strong>Vokalas ir dain\u0173 autor\u0117:<\/strong> Inga \u0160epetkait\u0117<\/div><div><strong>Pritariamasis vokalas ir dailinink\u0117:<\/strong> Paulina Simutyt\u0117 <strong>Saksofonas:<\/strong> Danielius Pancerovas<\/div><div><strong>Elektrine gitara:<\/strong> Justinas \u017dilys.<\/div><div class=\"o9v6fnle cxmmr5t8 oygrvhab hcukyx3x c1et5uql\">\u00a0<\/div>\t\t\t\t\t\t<\/div>\n\t\t\t\t<\/div>\n\t\t\t\t<div class=\"elementor-element elementor-element-4523a22 elementor-align-left elementor-widget elementor-widget-button\" data-id=\"4523a22\" data-element_type=\"widget\" data-widget_type=\"button.default\">\n\t\t\t\t<div class=\"elementor-widget-container\">\n\t\t\t\t\t<div class=\"elementor-button-wrapper\">\n\t\t\t<a href=\"https:\/\/forms.gle\/5EmJUxF38pcYKP9M8\" class=\"elementor-button-link elementor-button elementor-size-md\" role=\"button\">\n\t\t\t\t\t\t<span class=\"elementor-button-content-wrapper\">\n\t\t\t\t\t\t<span class=\"elementor-button-text\">Registracija \u012f nemokam\u0105 rengin\u012f<\/span>\n\t\t<\/span>\n\t\t\t\t\t<\/a>\n\t\t<\/div>\n\t\t\t\t<\/div>\n\t\t\t\t<\/div>\n\t\t\t\t\t<\/div>\n\t\t<\/div>\n\t\t\t\t\t\t\t<\/div>\n\t\t<\/section>\n\t\t\t\t<section class=\"elementor-section elementor-top-section elementor-element elementor-element-45132d73 elementor-section-full_width elementor-section-height-default elementor-section-height-default\" data-id=\"45132d73\" data-element_type=\"section\" data-settings=\"{&quot;background_background&quot;:&quot;classic&quot;}\">\n\t\t\t\t\t\t<div class=\"elementor-container elementor-column-gap-default\">\n\t\t\t\t\t<div class=\"elementor-column elementor-col-100 elementor-top-column elementor-element elementor-element-5990e0ed\" data-id=\"5990e0ed\" data-element_type=\"column\">\n\t\t\t<div class=\"elementor-widget-wrap elementor-element-populated\">\n\t\t\t\t\t\t\t\t<div class=\"elementor-element elementor-element-2d7e494e elementor-widget elementor-widget-heading\" data-id=\"2d7e494e\" data-element_type=\"widget\" data-widget_type=\"heading.default\">\n\t\t\t\t<div class=\"elementor-widget-container\">\n\t\t\t<h2 class=\"elementor-heading-title elementor-size-default\">Taip pat domint\u0173<\/h2>\t\t<\/div>\n\t\t\t\t<\/div>\n\t\t\t\t<div class=\"elementor-element elementor-element-65574204 elementor-widget-divider--view-line elementor-widget elementor-widget-divider\" data-id=\"65574204\" data-element_type=\"widget\" data-widget_type=\"divider.default\">\n\t\t\t\t<div class=\"elementor-widget-container\">\n\t\t\t\t\t<div class=\"elementor-divider\">\n\t\t\t<span class=\"elementor-divider-separator\">\n\t\t\t\t\t\t<\/span>\n\t\t<\/div>\n\t\t\t\t<\/div>\n\t\t\t\t<\/div>\n\t\t\t\t<div class=\"elementor-element elementor-element-6560443e elementor-widget elementor-widget-spacer\" data-id=\"6560443e\" data-element_type=\"widget\" data-widget_type=\"spacer.default\">\n\t\t\t\t<div class=\"elementor-widget-container\">\n\t\t\t\t\t<div class=\"elementor-spacer\">\n\t\t\t<div class=\"elementor-spacer-inner\"><\/div>\n\t\t<\/div>\n\t\t\t\t<\/div>\n\t\t\t\t<\/div>\n\t\t\t\t<div class=\"elementor-element elementor-element-26ee45e elementor-widget elementor-widget-jet-portfolio\" data-id=\"26ee45e\" data-element_type=\"widget\" data-widget_type=\"jet-portfolio.default\">\n\t\t\t\t<div class=\"elementor-widget-container\">\n\t\t\t<div class=\"elementor-jet-portfolio jet-elements\">\n<div class=\"jet-portfolio layout-type-grid preset-type-4 layout-desktop-column-4 layout-tablet-column-2 layout-mobile-column-1\" data-settings=\"{&quot;layoutType&quot;:&quot;grid&quot;,&quot;columns&quot;:&quot;4&quot;,&quot;columnsTablet&quot;:&quot;2&quot;,&quot;columnsMobile&quot;:&quot;1&quot;,&quot;perPage&quot;:6}\"><div class=\"jet-portfolio__list\"><article class=\"jet-portfolio__item visible-status\" data-slug=\"{&quot;0&quot;:&quot;all&quot;}\">\n\t<div class=\"jet-portfolio__inner\">\n\t\t<a class=\"jet-portfolio__link\" href=\"http:\/\/iseitiestaskas.lt\/wp-content\/uploads\/2021\/08\/anti.jpg\" data-elementor-open-lightbox=\"yes\">\n\t\t\t<div class=\"jet-portfolio__image\">\n\t\t\t\t<img decoding=\"async\" class=\"jet-portfolio__image-instance\" src=\"https:\/\/iseitiestaskas.lt\/wp-content\/uploads\/2021\/08\/anti.jpg\" width=\"1690\" height=\"1645\"  alt=\"anti\" loading=\"lazy\">\t\t\t\t<div class=\"jet-portfolio__image-loader\"><span><\/span><\/div>\n\t\t\t<\/div>\n\t\t<\/a>\n\t\t<div class=\"jet-portfolio__content\">\n\t\t\t<div class=\"jet-portfolio__content-inner\"><span class=\"jet-portfolio__title\">ANTI<\/span><p class=\"jet-portfolio__desc\">Panev\u0117\u017eio teatras \u201eMenas\u201c | aut. ir re\u017e. Aleksandr \u0160pilevoj<\/p><a class=\"elementor-button elementor-size-md jet-portfolio__button\" href=\"https:\/\/iseitiestaskas.lt\/en\/anti\/\"><span class=\"jet-portfolio__button-text\">+<\/span><\/a><\/div>\n\t\t<\/div>\n\t<\/div>\n<\/article><article class=\"jet-portfolio__item visible-status\" data-slug=\"{&quot;0&quot;:&quot;all&quot;}\">\n\t<div class=\"jet-portfolio__inner\">\n\t\t<a class=\"jet-portfolio__link\" href=\"http:\/\/iseitiestaskas.lt\/wp-content\/uploads\/2021\/08\/uzsalimasjpg.jpg\" data-elementor-open-lightbox=\"yes\">\n\t\t\t<div class=\"jet-portfolio__image\">\n\t\t\t\t<img decoding=\"async\" class=\"jet-portfolio__image-instance\" src=\"https:\/\/iseitiestaskas.lt\/wp-content\/uploads\/2021\/08\/uzsalimasjpg.jpg\" width=\"1690\" height=\"1645\"  alt=\"uzsalimasjpg\" loading=\"lazy\">\t\t\t\t<div class=\"jet-portfolio__image-loader\"><span><\/span><\/div>\n\t\t\t<\/div>\n\t\t<\/a>\n\t\t<div class=\"jet-portfolio__content\">\n\t\t\t<div class=\"jet-portfolio__content-inner\"><span class=\"jet-portfolio__title\">U\u017d\u0160ALIMAS<\/span><p class=\"jet-portfolio__desc\">Lietuvos muzikos ir teatro akademija |\naut. ir re\u017e. Motiejus Ivanauskas<\/p><a class=\"elementor-button elementor-size-md jet-portfolio__button\" href=\"https:\/\/iseitiestaskas.lt\/en\/uzsalimas\/\"><span class=\"jet-portfolio__button-text\">+<\/span><\/a><\/div>\n\t\t<\/div>\n\t<\/div>\n<\/article><article class=\"jet-portfolio__item visible-status\" data-slug=\"{&quot;0&quot;:&quot;all&quot;}\">\n\t<div class=\"jet-portfolio__inner\">\n\t\t<a class=\"jet-portfolio__link\" href=\"http:\/\/iseitiestaskas.lt\/wp-content\/uploads\/2021\/08\/Sodra-mon-amour-WEB.jpg\" data-elementor-open-lightbox=\"yes\">\n\t\t\t<div class=\"jet-portfolio__image\">\n\t\t\t\t<img decoding=\"async\" class=\"jet-portfolio__image-instance\" src=\"https:\/\/iseitiestaskas.lt\/wp-content\/uploads\/2021\/08\/Sodra-mon-amour-WEB.jpg\" width=\"1500\" height=\"2124\"  alt=\"Sodra mon amour WEB\" loading=\"lazy\">\t\t\t\t<div class=\"jet-portfolio__image-loader\"><span><\/span><\/div>\n\t\t\t<\/div>\n\t\t<\/a>\n\t\t<div class=\"jet-portfolio__content\">\n\t\t\t<div class=\"jet-portfolio__content-inner\"><span class=\"jet-portfolio__title\">PREMJERA! SODRA, MON AMOUR<\/span><p class=\"jet-portfolio__desc\">Asociacija \u201cTeatronas\u201d  |\naut. Marija Kristina Kulini\u010d, re\u017e. Gildas Aleksa<\/p><a class=\"elementor-button elementor-size-md jet-portfolio__button\" href=\"https:\/\/iseitiestaskas.lt\/en\/sodra-mon-amour\/\"><span class=\"jet-portfolio__button-text\">+<\/span><\/a><\/div>\n\t\t<\/div>\n\t<\/div>\n<\/article><article class=\"jet-portfolio__item visible-status\" data-slug=\"{&quot;0&quot;:&quot;all&quot;}\">\n\t<div class=\"jet-portfolio__inner\">\n\t\t<a class=\"jet-portfolio__link\" href=\"http:\/\/iseitiestaskas.lt\/wp-content\/uploads\/2021\/08\/kissmas.jpg\" data-elementor-open-lightbox=\"yes\">\n\t\t\t<div class=\"jet-portfolio__image\">\n\t\t\t\t<img decoding=\"async\" class=\"jet-portfolio__image-instance\" src=\"https:\/\/iseitiestaskas.lt\/wp-content\/uploads\/2021\/08\/kissmas.jpg\" width=\"1690\" height=\"1645\"  alt=\"kissmas\" loading=\"lazy\">\t\t\t\t<div class=\"jet-portfolio__image-loader\"><span><\/span><\/div>\n\t\t\t<\/div>\n\t\t<\/a>\n\t\t<div class=\"jet-portfolio__content\">\n\t\t\t<div class=\"jet-portfolio__content-inner\"><span class=\"jet-portfolio__title\">KISSMAS<\/span><p class=\"jet-portfolio__desc\">aut. ir re\u017e. Tekl\u0117 Kavtaradz\u0117<\/p><a class=\"elementor-button elementor-size-md jet-portfolio__button\" href=\"https:\/\/iseitiestaskas.lt\/en\/kissmas\/\"><span class=\"jet-portfolio__button-text\">+<\/span><\/a><\/div>\n\t\t<\/div>\n\t<\/div>\n<\/article><\/div><\/div>\n<\/div>\t\t<\/div>\n\t\t\t\t<\/div>\n\t\t\t\t\t<\/div>\n\t\t<\/div>\n\t\t\t\t\t\t\t<\/div>\n\t\t<\/section>\n\t\t\t\t\t\t<\/div>\n\t\t\t\t\t<\/div>","protected":false},"excerpt":{"rendered":"<p>Grup\u0117s \u201cDelasferos\u201d koncertas Debiutinio albumo DELASFERA pristatymas.Renginys nemokamas (reikalinga registracija) 20:00 | Rugs\u0117jo 18 d. (\u0161e\u0161tadienis) Kosmin\u0117s muzikos k\u016br\u0117jai \u201eDelasferos\u201c pristato savo pirm\u0105j\u012f album\u0105 \u201eDelasfera\u201c. Jame nugul\u0117 dark jazz, ambient, dream pop stilistikos kompozicijos, kurian\u010dios paslapting\u0105 atmosfer\u0105 ir ilgesing\u0105 nuotaik\u0105 bei pasakojan\u010dios apie kiekvieno \u017emogaus vidin\u0119 visat\u0105\u00a0Net ketverius metus brandintas albumas prasideda ritmi\u0161kais, ai\u0161kiai strukt\u016bruotais, [&hellip;]<\/p>","protected":false},"author":1,"featured_media":0,"parent":0,"menu_order":0,"comment_status":"closed","ping_status":"closed","template":"","meta":{"om_disable_all_campaigns":false,"_monsterinsights_skip_tracking":false,"_monsterinsights_sitenote_active":false,"_monsterinsights_sitenote_note":"","_monsterinsights_sitenote_category":0,"footnotes":""},"aioseo_notices":[],"_links":{"self":[{"href":"https:\/\/iseitiestaskas.lt\/en\/wp-json\/wp\/v2\/pages\/984"}],"collection":[{"href":"https:\/\/iseitiestaskas.lt\/en\/wp-json\/wp\/v2\/pages"}],"about":[{"href":"https:\/\/iseitiestaskas.lt\/en\/wp-json\/wp\/v2\/types\/page"}],"author":[{"embeddable":true,"href":"https:\/\/iseitiestaskas.lt\/en\/wp-json\/wp\/v2\/users\/1"}],"replies":[{"embeddable":true,"href":"https:\/\/iseitiestaskas.lt\/en\/wp-json\/wp\/v2\/comments?post=984"}],"version-history":[{"count":30,"href":"https:\/\/iseitiestaskas.lt\/en\/wp-json\/wp\/v2\/pages\/984\/revisions"}],"predecessor-version":[{"id":1434,"href":"https:\/\/iseitiestaskas.lt\/en\/wp-json\/wp\/v2\/pages\/984\/revisions\/1434"}],"wp:attachment":[{"href":"https:\/\/iseitiestaskas.lt\/en\/wp-json\/wp\/v2\/media?parent=984"}],"curies":[{"name":"wp","href":"https:\/\/api.w.org\/{rel}","templated":true}]}}